

{"id":2327,"date":"2020-11-06T19:20:27","date_gmt":"2020-11-06T22:20:27","guid":{"rendered":"http:\/\/mediemos.ch\/?page_id=2327"},"modified":"2020-11-09T20:46:47","modified_gmt":"2020-11-09T23:46:47","slug":"types-of-mediation","status":"publish","type":"page","link":"https:\/\/mediemos.ch\/en\/types-of-mediation\/","title":{"rendered":"Types of Mediation"},"content":{"rendered":"<div data-vc-full-width=\"true\" data-vc-full-width-init=\"false\" class=\"vc_row wpb_row vc_row-fluid vc_custom_1600703439569 vc_row-has-fill\"><div class=\"wpb_column vc_column_container vc_col-sm-12 color-scheme-light\"><div class=\"vc_column-inner\"><div class=\"wpb_wrapper\">\n\t<div class=\"wpb_text_column wpb_content_element\" >\n\t\t<div class=\"wpb_wrapper\">\n\t\t\t<div data-vc-full-width=\"true\" data-vc-full-width-init=\"false\" class=\"vc_row wpb_row vc_row-fluid tipomediacionbanner vc_custom_1600703776247 vc_row-has-fill\"><div class=\"wpb_column vc_column_container vc_col-sm-12 color-scheme-light\"><div class=\"vc_column-inner\"><div class=\"wpb_wrapper\"><h1 style=\"font-size: 52px;color: #ffffff;line-height: 1.4;text-align: center\" class=\"vc_custom_heading vc_custom_1604965230689\" ><strong>Types of Mediation<\/strong><\/h1><\/div><\/div><\/div><\/div><div class=\"vc_row-full-width vc_clearfix\"><\/div><div class=\"vc_row wpb_row vc_row-fluid color-scheme-dark modulostiposmediacion vc_custom_1601744676803\"><div class=\"wpb_column vc_column_container vc_col-sm-12\"><div class=\"vc_column-inner\"><div class=\"wpb_wrapper\"><div class=\"vc_row wpb_row vc_inner vc_row-fluid vc_custom_1600186656448\"><div class=\"wpb_column vc_column_container vc_col-sm-4\"><div class=\"vc_column-inner vc_custom_1438783488485\"><div class=\"wpb_wrapper\">\n\t\t\t<div class=\"promo-banner text-center vertical-alignment-bottom banner-1 hover-3 color-scheme-dark\"  >\n\n\t\t\t\t<div class=\"main-wrapp-img\">\n\t\t\t\t\t<div class=\"banner-image\">\n\t\t\t\t\t\t\t\t\t\t\t\t\t\t\t\t\t\t\t\t\t<img class=\"promo-banner-image image-1\" src=\"https:\/\/mediemos.ch\/wp-content\/uploads\/2020\/09\/6-3-250x250.png\" width=\"250\" height=\"250\" alt=\"6\" title=\"6\" \/>\t\t\t\t\t\t\t\t\t\t\t\t\t\t\t\t\t\t<\/div>\n\t\t\t\t<\/div>\n\n\t\t\t\t<div class=\"wrapper-content-baner\">\n\t\t\t\t\t<div class=\"banner-inner\">\n\t\t\t\t\t\t<p><strong><a href=\"http:\/\/mediemos.ch\/en\/family-mediation\/\">Read more<\/a><\/strong><\/p>\n\t\t\t\t\t<\/div>\n\t\t\t\t<\/div>\n\n\t\t\t<\/div>\n\n\n\t\t\n\t<div class=\"wpb_text_column wpb_content_element\" >\n\t\t<div class=\"wpb_wrapper\">\n\t\t\t<h6 style=\"text-align: center; font-size: 24px;\"><a href=\"http:\/\/mediemos.ch\/en\/family-mediation\/\"><strong><em>Family mediation<\/em><\/strong><\/a><\/h6>\n<p style=\"text-align: center;\">Separation is a transformative event in family relations that affects parents and children.<\/p>\n\n\t\t<\/div>\n\t<\/div>\n<\/div><\/div><\/div><div class=\"wpb_column vc_column_container vc_col-sm-4\"><div class=\"vc_column-inner vc_custom_1438783492253\"><div class=\"wpb_wrapper\">\n\t\t\t<div class=\"promo-banner text-center vertical-alignment-bottom banner-1 hover-3 color-scheme-dark\"  >\n\n\t\t\t\t<div class=\"main-wrapp-img\">\n\t\t\t\t\t<div class=\"banner-image\">\n\t\t\t\t\t\t\t\t\t\t\t\t\t\t\t\t\t\t\t\t\t<img class=\"promo-banner-image image-1\" src=\"https:\/\/mediemos.ch\/wp-content\/uploads\/2020\/09\/7-3-250x250.png\" width=\"250\" height=\"250\" alt=\"7\" title=\"7\" \/>\t\t\t\t\t\t\t\t\t\t\t\t\t\t\t\t\t\t<\/div>\n\t\t\t\t<\/div>\n\n\t\t\t\t<div class=\"wrapper-content-baner\">\n\t\t\t\t\t<div class=\"banner-inner\">\n\t\t\t\t\t\t<p><strong><a href=\"http:\/\/mediemos.ch\/en\/mediation-for-couples\/\">Read more<\/a><\/strong><\/p>\n\t\t\t\t\t<\/div>\n\t\t\t\t<\/div>\n\n\t\t\t<\/div>\n\n\n\t\t\n\t<div class=\"wpb_text_column wpb_content_element\" >\n\t\t<div class=\"wpb_wrapper\">\n\t\t\t<h6 style=\"text-align: center; font-size: 24px;\"><a href=\"http:\/\/mediemos.ch\/en\/mediation-for-couples\/\"><em><strong>Mediation for couples<\/strong><\/em><\/a><\/h6>\n<p style=\"text-align: center;\">Many times, separations or divorces are a traumatic event involving emotional and legal aspects, leading to conflict situations and the possibility of loss of dialogue.<\/p>\n\n\t\t<\/div>\n\t<\/div>\n<\/div><\/div><\/div><div class=\"wpb_column vc_column_container vc_col-sm-4\"><div class=\"vc_column-inner vc_custom_1438783497148\"><div class=\"wpb_wrapper\">\n\t\t\t<div class=\"promo-banner text-center vertical-alignment-bottom banner-1 hover-3 color-scheme-dark\"  >\n\n\t\t\t\t<div class=\"main-wrapp-img\">\n\t\t\t\t\t<div class=\"banner-image\">\n\t\t\t\t\t\t\t\t\t\t\t\t\t\t\t\t\t\t\t\t\t<img class=\"promo-banner-image image-1\" src=\"https:\/\/mediemos.ch\/wp-content\/uploads\/2020\/09\/9-3-250x250.png\" width=\"250\" height=\"250\" alt=\"9\" title=\"9\" \/>\t\t\t\t\t\t\t\t\t\t\t\t\t\t\t\t\t\t<\/div>\n\t\t\t\t<\/div>\n\n\t\t\t\t<div class=\"wrapper-content-baner\">\n\t\t\t\t\t<div class=\"banner-inner\">\n\t\t\t\t\t\t<p><strong><a href=\"http:\/\/mediemos.ch\/en\/intergenerational-mediation\/\">Read more<\/a><\/strong><\/p>\n\t\t\t\t\t<\/div>\n\t\t\t\t<\/div>\n\n\t\t\t<\/div>\n\n\n\t\t\n\t<div class=\"wpb_text_column wpb_content_element\" >\n\t\t<div class=\"wpb_wrapper\">\n\t\t\t<h6 style=\"text-align: center; font-size: 24px;\"><a href=\"http:\/\/mediemos.ch\/en\/intergenerational-mediation\/\"><strong><em>Intergenerational Mediation<\/em><\/strong><\/a><\/h6>\n<p style=\"text-align: center;\">Also called \"intergenerational\" or \"transgenerational\", it refers to a useful tool for the resolution of conflicts between family members of different generations...<\/p>\n\n\t\t<\/div>\n\t<\/div>\n<\/div><\/div><\/div><\/div><\/div><\/div><\/div><\/div><div class=\"vc_row wpb_row vc_row-fluid color-scheme-dark modulostiposmediacion vc_custom_1601744681310\"><div class=\"wpb_column vc_column_container vc_col-sm-12\"><div class=\"vc_column-inner\"><div class=\"wpb_wrapper\"><div class=\"vc_row wpb_row vc_inner vc_row-fluid vc_custom_1600186656448\"><div class=\"wpb_column vc_column_container vc_col-sm-4\"><div class=\"vc_column-inner vc_custom_1438783501508\"><div class=\"wpb_wrapper\">\n\t\t\t<div class=\"promo-banner text-center vertical-alignment-bottom banner-1 hover-3 color-scheme-dark\"  >\n\n\t\t\t\t<div class=\"main-wrapp-img\">\n\t\t\t\t\t<div class=\"banner-image\">\n\t\t\t\t\t\t\t\t\t\t\t\t\t\t\t\t\t\t\t\t\t<img class=\"promo-banner-image image-1\" src=\"https:\/\/mediemos.ch\/wp-content\/uploads\/2020\/09\/8-2-250x250.png\" width=\"250\" height=\"250\" alt=\"8\" title=\"8\" \/>\t\t\t\t\t\t\t\t\t\t\t\t\t\t\t\t\t\t<\/div>\n\t\t\t\t<\/div>\n\n\t\t\t\t<div class=\"wrapper-content-baner\">\n\t\t\t\t\t<div class=\"banner-inner\">\n\t\t\t\t\t\t<p><strong><a href=\"http:\/\/mediemos.ch\/en\/mediation-in-cases-of-inheritance\/\">Read more<\/a><\/strong><\/p>\n\t\t\t\t\t<\/div>\n\t\t\t\t<\/div>\n\n\t\t\t<\/div>\n\n\n\t\t\n\t<div class=\"wpb_text_column wpb_content_element\" >\n\t\t<div class=\"wpb_wrapper\">\n\t\t\t<h6 style=\"text-align: center; font-size: 24px;\"><a href=\"http:\/\/mediemos.ch\/en\/mediation-in-cases-of-inheritance\/\"><strong><em>Mediation in cases of inheritance<\/em><\/strong><\/a><\/h6>\n<p style=\"text-align: center;\">Hereditary disputes are often extremely emotional, creating long and costly conflicts. The relationship between siblings or parents and children risks...<\/p>\n\n\t\t<\/div>\n\t<\/div>\n<\/div><\/div><\/div><div class=\"wpb_column vc_column_container vc_col-sm-4\"><div class=\"vc_column-inner\"><div class=\"wpb_wrapper\">\n\t\t\t<div class=\"promo-banner text-center vertical-alignment-bottom banner-1 hover-3 color-scheme-dark\"  >\n\n\t\t\t\t<div class=\"main-wrapp-img\">\n\t\t\t\t\t<div class=\"banner-image\">\n\t\t\t\t\t\t\t\t\t\t\t\t\t\t\t\t\t\t\t\t\t<img class=\"promo-banner-image image-1\" src=\"https:\/\/mediemos.ch\/wp-content\/uploads\/2020\/09\/10-2-250x250.png\" width=\"250\" height=\"250\" alt=\"10\" title=\"10\" \/>\t\t\t\t\t\t\t\t\t\t\t\t\t\t\t\t\t\t<\/div>\n\t\t\t\t<\/div>\n\n\t\t\t\t<div class=\"wrapper-content-baner\">\n\t\t\t\t\t<div class=\"banner-inner\">\n\t\t\t\t\t\t<p><strong><a href=\"http:\/\/mediemos.ch\/en\/neighbourhood-mediation\/\">Read more<\/a><\/strong><\/p>\n\t\t\t\t\t<\/div>\n\t\t\t\t<\/div>\n\n\t\t\t<\/div>\n\n\n\t\t\n\t<div class=\"wpb_text_column wpb_content_element\" >\n\t\t<div class=\"wpb_wrapper\">\n\t\t\t<h6 style=\"text-align: center; font-size: 24px;\"><a href=\"http:\/\/mediemos.ch\/en\/neighbourhood-mediation\/\"><strong><em>Neighbourhood Mediation<\/em><\/strong><\/a><\/h6>\n<p style=\"text-align: center;\">Infinidad de divergencias de opini\u00f3n entre vecinos pueden influir sobre la calidad de vida de los mismos.<\/p>\n\n\t\t<\/div>\n\t<\/div>\n<\/div><\/div><\/div><div class=\"wpb_column vc_column_container vc_col-sm-4\"><div class=\"vc_column-inner\"><div class=\"wpb_wrapper\">\n\t\t\t<div class=\"promo-banner text-center vertical-alignment-bottom banner-1 hover-3 color-scheme-dark\"  >\n\n\t\t\t\t<div class=\"main-wrapp-img\">\n\t\t\t\t\t<div class=\"banner-image\">\n\t\t\t\t\t\t\t\t\t\t\t\t\t\t\t\t\t\t\t\t\t<img class=\"promo-banner-image image-1\" src=\"https:\/\/mediemos.ch\/wp-content\/uploads\/2020\/09\/salidas-integracion-social-1-250x250.png\" width=\"250\" height=\"250\" alt=\"salidas-integracion-social\" title=\"salidas-integracion-social\" \/>\t\t\t\t\t\t\t\t\t\t\t\t\t\t\t\t\t\t<\/div>\n\t\t\t\t<\/div>\n\n\t\t\t\t<div class=\"wrapper-content-baner\">\n\t\t\t\t\t<div class=\"banner-inner\">\n\t\t\t\t\t\t<p><strong><a href=\"http:\/\/mediemos.ch\/en\/neighbourhood-mediation\/\">Read more<\/a><\/strong><\/p>\n\t\t\t\t\t<\/div>\n\t\t\t\t<\/div>\n\n\t\t\t<\/div>\n\n\n\t\t\n\t<div class=\"wpb_text_column wpb_content_element\" >\n\t\t<div class=\"wpb_wrapper\">\n\t\t\t<h6 style=\"text-align: center; font-size: 24px;\"><a href=\"http:\/\/mediemos.ch\/en\/neighbourhood-mediation\/\"><strong><em>Mediaci\u00f3n<\/em><br \/>\n<em>Intercultural<\/em><\/strong><\/a><\/h6>\n<p style=\"text-align: center;\">La mediaci\u00f3n intercultural es un instrumento que pretende contribuir a una mejor comunicaci\u00f3n, relaci\u00f3n e integraci\u00f3n entre personas o grupos presentes en un territorio...<\/p>\n\n\t\t<\/div>\n\t<\/div>\n<\/div><\/div><\/div><\/div><\/div><\/div><\/div><\/div><style data-type=\"vc_shortcodes-custom-css\">.vc_custom_1600703776247{margin-bottom: 0px !important;padding-top: 50px !important;padding-bottom: 70px !important;background-image: url(http:\/\/dummy.xtemos.com\/basel\/vers\/wp-content\/uploads\/sites\/3\/2017\/01\/main-bg.jpg?id=40) !important;background-position: center !important;background-repeat: no-repeat !important;background-size: cover !important;}.vc_custom_1601744676803{margin-bottom: 25px !important;}.vc_custom_1601744681310{margin-bottom: 25px !important;}.vc_custom_1604965230689{margin-bottom: 30px !important;}.vc_custom_1600186656448{margin-bottom: -40px !important;}.vc_custom_1438783488485{margin-bottom: 40px !important;}.vc_custom_1438783492253{margin-bottom: 40px !important;}.vc_custom_1438783497148{margin-bottom: 40px !important;}.vc_custom_1600186656448{margin-bottom: -40px !important;}.vc_custom_1438783501508{margin-bottom: 40px !important;}<\/style>\n\n\t\t<\/div>\n\t<\/div>\n<\/div><\/div><\/div><\/div><div class=\"vc_row-full-width vc_clearfix\"><\/div>","protected":false},"excerpt":{"rendered":"Types of Mediation Read more Family mediation Separation is a transformative event in family relations that affects parents and children.","protected":false},"author":1,"featured_media":0,"parent":0,"menu_order":0,"comment_status":"closed","ping_status":"closed","template":"","meta":[],"yoast_head":"<!-- This site is optimized with the Yoast SEO plugin v17.2.1 - https:\/\/yoast.com\/wordpress\/plugins\/seo\/ -->\n<title>Types of Mediation - Mediemos<\/title>\n<meta name=\"robots\" content=\"index, follow, max-snippet:-1, max-image-preview:large, max-video-preview:-1\" \/>\n<link rel=\"canonical\" href=\"https:\/\/mediemos.ch\/en\/types-of-mediation\/\" \/>\n<meta property=\"og:locale\" content=\"en_US\" \/>\n<meta property=\"og:type\" content=\"article\" \/>\n<meta property=\"og:title\" content=\"Types of Mediation - Mediemos\" \/>\n<meta property=\"og:url\" content=\"https:\/\/mediemos.ch\/en\/types-of-mediation\/\" \/>\n<meta property=\"og:site_name\" content=\"Mediemos\" \/>\n<meta property=\"article:modified_time\" content=\"2020-11-09T23:46:47+00:00\" \/>\n<meta name=\"twitter:card\" content=\"summary_large_image\" \/>\n<script type=\"application\/ld+json\" class=\"yoast-schema-graph\">{\"@context\":\"https:\/\/schema.org\",\"@graph\":[{\"@type\":\"WebSite\",\"@id\":\"https:\/\/mediemos.ch\/en\/#website\",\"url\":\"https:\/\/mediemos.ch\/en\/\",\"name\":\"Mediemos\",\"description\":\"Servicio de Mediaci\\u00f3n\",\"potentialAction\":[{\"@type\":\"SearchAction\",\"target\":{\"@type\":\"EntryPoint\",\"urlTemplate\":\"https:\/\/mediemos.ch\/en\/?s={search_term_string}\"},\"query-input\":\"required name=search_term_string\"}],\"inLanguage\":\"en-US\"},{\"@type\":\"WebPage\",\"@id\":\"https:\/\/mediemos.ch\/en\/types-of-mediation\/#webpage\",\"url\":\"https:\/\/mediemos.ch\/en\/types-of-mediation\/\",\"name\":\"Types of Mediation - Mediemos\",\"isPartOf\":{\"@id\":\"https:\/\/mediemos.ch\/en\/#website\"},\"datePublished\":\"2020-11-06T22:20:27+00:00\",\"dateModified\":\"2020-11-09T23:46:47+00:00\",\"breadcrumb\":{\"@id\":\"https:\/\/mediemos.ch\/en\/types-of-mediation\/#breadcrumb\"},\"inLanguage\":\"en-US\",\"potentialAction\":[{\"@type\":\"ReadAction\",\"target\":[\"https:\/\/mediemos.ch\/en\/types-of-mediation\/\"]}]},{\"@type\":\"BreadcrumbList\",\"@id\":\"https:\/\/mediemos.ch\/en\/types-of-mediation\/#breadcrumb\",\"itemListElement\":[{\"@type\":\"ListItem\",\"position\":1,\"name\":\"Inicio\",\"item\":\"https:\/\/mediemos.ch\/en\/home\/\"},{\"@type\":\"ListItem\",\"position\":2,\"name\":\"Types of Mediation\"}]}]}<\/script>\n<!-- \/ Yoast SEO plugin. -->","yoast_head_json":{"title":"Types of Mediation - Mediemos","robots":{"index":"index","follow":"follow","max-snippet":"max-snippet:-1","max-image-preview":"max-image-preview:large","max-video-preview":"max-video-preview:-1"},"canonical":"https:\/\/mediemos.ch\/en\/types-of-mediation\/","og_locale":"en_US","og_type":"article","og_title":"Types of Mediation - Mediemos","og_url":"https:\/\/mediemos.ch\/en\/types-of-mediation\/","og_site_name":"Mediemos","article_modified_time":"2020-11-09T23:46:47+00:00","twitter_card":"summary_large_image","schema":{"@context":"https:\/\/schema.org","@graph":[{"@type":"WebSite","@id":"https:\/\/mediemos.ch\/en\/#website","url":"https:\/\/mediemos.ch\/en\/","name":"Mediemos","description":"Servicio de Mediaci\u00f3n","potentialAction":[{"@type":"SearchAction","target":{"@type":"EntryPoint","urlTemplate":"https:\/\/mediemos.ch\/en\/?s={search_term_string}"},"query-input":"required name=search_term_string"}],"inLanguage":"en-US"},{"@type":"WebPage","@id":"https:\/\/mediemos.ch\/en\/types-of-mediation\/#webpage","url":"https:\/\/mediemos.ch\/en\/types-of-mediation\/","name":"Types of Mediation - Mediemos","isPartOf":{"@id":"https:\/\/mediemos.ch\/en\/#website"},"datePublished":"2020-11-06T22:20:27+00:00","dateModified":"2020-11-09T23:46:47+00:00","breadcrumb":{"@id":"https:\/\/mediemos.ch\/en\/types-of-mediation\/#breadcrumb"},"inLanguage":"en-US","potentialAction":[{"@type":"ReadAction","target":["https:\/\/mediemos.ch\/en\/types-of-mediation\/"]}]},{"@type":"BreadcrumbList","@id":"https:\/\/mediemos.ch\/en\/types-of-mediation\/#breadcrumb","itemListElement":[{"@type":"ListItem","position":1,"name":"Inicio","item":"https:\/\/mediemos.ch\/en\/home\/"},{"@type":"ListItem","position":2,"name":"Types of Mediation"}]}]}},"_links":{"self":[{"href":"https:\/\/mediemos.ch\/en\/wp-json\/wp\/v2\/pages\/2327"}],"collection":[{"href":"https:\/\/mediemos.ch\/en\/wp-json\/wp\/v2\/pages"}],"about":[{"href":"https:\/\/mediemos.ch\/en\/wp-json\/wp\/v2\/types\/page"}],"author":[{"embeddable":true,"href":"https:\/\/mediemos.ch\/en\/wp-json\/wp\/v2\/users\/1"}],"replies":[{"embeddable":true,"href":"https:\/\/mediemos.ch\/en\/wp-json\/wp\/v2\/comments?post=2327"}],"version-history":[{"count":2,"href":"https:\/\/mediemos.ch\/en\/wp-json\/wp\/v2\/pages\/2327\/revisions"}],"predecessor-version":[{"id":2426,"href":"https:\/\/mediemos.ch\/en\/wp-json\/wp\/v2\/pages\/2327\/revisions\/2426"}],"wp:attachment":[{"href":"https:\/\/mediemos.ch\/en\/wp-json\/wp\/v2\/media?parent=2327"}],"curies":[{"name":"wp","href":"https:\/\/api.w.org\/{rel}","templated":true}]}}