

{"id":2285,"date":"2020-11-06T11:05:05","date_gmt":"2020-11-06T14:05:05","guid":{"rendered":"http:\/\/mediemos.ch\/?page_id=2285"},"modified":"2020-11-14T09:07:08","modified_gmt":"2020-11-14T12:07:08","slug":"intergenerational-mediation","status":"publish","type":"page","link":"https:\/\/mediemos.ch\/en\/intergenerational-mediation\/","title":{"rendered":"Intergenerational Mediation"},"content":{"rendered":"<div data-vc-full-width=\"true\" data-vc-full-width-init=\"false\" data-vc-stretch-content=\"true\" class=\"vc_row wpb_row vc_row-fluid vc_custom_1600256801394 vc_row-has-fill vc_row-no-padding\"><div class=\"wpb_column vc_column_container vc_col-sm-12 vc_col-has-fill\"><div class=\"vc_column-inner vc_custom_1599770893386\"><div class=\"wpb_wrapper\"><h1 style=\"font-size: 56px;color: #05466a;line-height: 1.4;text-align: center\" class=\"vc_custom_heading vc_custom_1604671500553\" ><strong>Intergenerational Mediation<\/strong><\/h1>\n\t<div class=\"wpb_text_column wpb_content_element color-scheme-dark\" >\n\t\t<div class=\"wpb_wrapper\">\n\t\t\t<p style=\"text-align: center;\"><em>In mediation everyone wins.<\/em><\/p>\n\n\t\t<\/div>\n\t<\/div>\n<\/div><\/div><\/div><\/div><div class=\"vc_row-full-width vc_clearfix\"><\/div><div class=\"vc_row wpb_row vc_row-fluid\"><div class=\"wpb_column vc_column_container vc_col-sm-6\"><div class=\"vc_column-inner\"><div class=\"wpb_wrapper\">\n\t<div class=\"wpb_text_column wpb_content_element vc_custom_1604966665541\" >\n\t\t<div class=\"wpb_wrapper\">\n\t\t\t<p>Also called &#8220;intergenerational&#8221; or &#8220;transgenerational&#8221;, it refers to a useful tool for the resolution of conflicts between family members of different generations and has as a priority the care of elderly or vulnerable people.<\/p>\n<p>Frequently, miscommunication between parents and children, or between adult siblings and\/or close family members, generates misunderstandings that generally spread and lead to injustices, affecting mainly the most vulnerable members of the family system.<\/p>\n<p>In these cases, mediation is an effective instrument to accompany families in finding agreements that focus on the needs of the elderly and\/or people with special needs, benefit the whole family group and favour the continuity of positive exchange between generations. It is important to specify that the mediator will adapt to the particular circumstances of the vulnerable adult in order to carry out the mediation meetings.<\/p>\n\n\t\t<\/div>\n\t<\/div>\n<\/div><\/div><\/div><div class=\"wpb_column vc_column_container vc_col-sm-6\"><div class=\"vc_column-inner vc_custom_1600256735527\"><div class=\"wpb_wrapper\">\n\t<div  class=\"wpb_single_image wpb_content_element vc_align_center\">\n\t\t\n\t\t<figure class=\"wpb_wrapper vc_figure\">\n\t\t\t<div class=\"vc_single_image-wrapper   vc_box_border_grey\"><img width=\"1024\" height=\"576\" src=\"https:\/\/mediemos.ch\/wp-content\/uploads\/2020\/09\/Diseno-sin-titulo-16-1024x576.jpg\" class=\"vc_single_image-img attachment-large\" alt=\"\" decoding=\"async\" loading=\"lazy\" srcset=\"https:\/\/mediemos.ch\/wp-content\/uploads\/2020\/09\/Diseno-sin-titulo-16-1024x576.jpg 1024w, https:\/\/mediemos.ch\/wp-content\/uploads\/2020\/09\/Diseno-sin-titulo-16-300x169.jpg 300w, https:\/\/mediemos.ch\/wp-content\/uploads\/2020\/09\/Diseno-sin-titulo-16-768x432.jpg 768w, https:\/\/mediemos.ch\/wp-content\/uploads\/2020\/09\/Diseno-sin-titulo-16-1536x864.jpg 1536w, https:\/\/mediemos.ch\/wp-content\/uploads\/2020\/09\/Diseno-sin-titulo-16-2048x1152.jpg 2048w, https:\/\/mediemos.ch\/wp-content\/uploads\/2020\/09\/Diseno-sin-titulo-16-1200x675.jpg 1200w\" sizes=\"(max-width: 1024px) 100vw, 1024px\" \/><\/div>\n\t\t<\/figure>\n\t<\/div>\n<\/div><\/div><\/div><\/div><div data-vc-full-width=\"true\" data-vc-full-width-init=\"false\" class=\"vc_row wpb_row vc_row-fluid vc_custom_1600696339421 vc_row-has-fill\"><div class=\"wpb_column vc_column_container vc_col-sm-12 color-scheme-light\"><div class=\"vc_column-inner\"><div class=\"wpb_wrapper\">\n\t<div class=\"wpb_text_column wpb_content_element\" >\n\t\t<div class=\"wpb_wrapper\">\n\t\t\t<div data-vc-full-width=\"true\" data-vc-full-width-init=\"false\" class=\"vc_row wpb_row vc_row-fluid tipomediacionbanner vc_custom_1600703776247 vc_row-has-fill\"><div class=\"wpb_column vc_column_container vc_col-sm-12 color-scheme-light\"><div class=\"vc_column-inner\"><div class=\"wpb_wrapper\"><h1 style=\"font-size: 52px;color: #ffffff;line-height: 1.4;text-align: center\" class=\"vc_custom_heading vc_custom_1604965230689\" ><strong>Types of Mediation<\/strong><\/h1><\/div><\/div><\/div><\/div><div class=\"vc_row-full-width vc_clearfix\"><\/div><div class=\"vc_row wpb_row vc_row-fluid color-scheme-dark modulostiposmediacion vc_custom_1601744676803\"><div class=\"wpb_column vc_column_container vc_col-sm-12\"><div class=\"vc_column-inner\"><div class=\"wpb_wrapper\"><div class=\"vc_row wpb_row vc_inner vc_row-fluid vc_custom_1600186656448\"><div class=\"wpb_column vc_column_container vc_col-sm-4\"><div class=\"vc_column-inner vc_custom_1438783488485\"><div class=\"wpb_wrapper\">\n\t\t\t<div class=\"promo-banner text-center vertical-alignment-bottom banner-1 hover-3 color-scheme-dark\"  >\n\n\t\t\t\t<div class=\"main-wrapp-img\">\n\t\t\t\t\t<div class=\"banner-image\">\n\t\t\t\t\t\t\t\t\t\t\t\t\t\t\t\t\t\t\t\t\t<img class=\"promo-banner-image image-1\" src=\"https:\/\/mediemos.ch\/wp-content\/uploads\/2020\/09\/6-3-250x250.png\" width=\"250\" height=\"250\" alt=\"6\" title=\"6\" \/>\t\t\t\t\t\t\t\t\t\t\t\t\t\t\t\t\t\t<\/div>\n\t\t\t\t<\/div>\n\n\t\t\t\t<div class=\"wrapper-content-baner\">\n\t\t\t\t\t<div class=\"banner-inner\">\n\t\t\t\t\t\t<p><strong><a href=\"http:\/\/mediemos.ch\/en\/family-mediation\/\">Read more<\/a><\/strong><\/p>\n\t\t\t\t\t<\/div>\n\t\t\t\t<\/div>\n\n\t\t\t<\/div>\n\n\n\t\t\n\t<div class=\"wpb_text_column wpb_content_element\" >\n\t\t<div class=\"wpb_wrapper\">\n\t\t\t<h6 style=\"text-align: center; font-size: 24px;\"><a href=\"http:\/\/mediemos.ch\/en\/family-mediation\/\"><strong><em>Family mediation<\/em><\/strong><\/a><\/h6>\n<p style=\"text-align: center;\">Separation is a transformative event in family relations that affects parents and children.<\/p>\n\n\t\t<\/div>\n\t<\/div>\n<\/div><\/div><\/div><div class=\"wpb_column vc_column_container vc_col-sm-4\"><div class=\"vc_column-inner vc_custom_1438783492253\"><div class=\"wpb_wrapper\">\n\t\t\t<div class=\"promo-banner text-center vertical-alignment-bottom banner-1 hover-3 color-scheme-dark\"  >\n\n\t\t\t\t<div class=\"main-wrapp-img\">\n\t\t\t\t\t<div class=\"banner-image\">\n\t\t\t\t\t\t\t\t\t\t\t\t\t\t\t\t\t\t\t\t\t<img class=\"promo-banner-image image-1\" src=\"https:\/\/mediemos.ch\/wp-content\/uploads\/2020\/09\/7-3-250x250.png\" width=\"250\" height=\"250\" alt=\"7\" title=\"7\" \/>\t\t\t\t\t\t\t\t\t\t\t\t\t\t\t\t\t\t<\/div>\n\t\t\t\t<\/div>\n\n\t\t\t\t<div class=\"wrapper-content-baner\">\n\t\t\t\t\t<div class=\"banner-inner\">\n\t\t\t\t\t\t<p><strong><a href=\"http:\/\/mediemos.ch\/en\/mediation-for-couples\/\">Read more<\/a><\/strong><\/p>\n\t\t\t\t\t<\/div>\n\t\t\t\t<\/div>\n\n\t\t\t<\/div>\n\n\n\t\t\n\t<div class=\"wpb_text_column wpb_content_element\" >\n\t\t<div class=\"wpb_wrapper\">\n\t\t\t<h6 style=\"text-align: center; font-size: 24px;\"><a href=\"http:\/\/mediemos.ch\/en\/mediation-for-couples\/\"><em><strong>Mediation for couples<\/strong><\/em><\/a><\/h6>\n<p style=\"text-align: center;\">Many times, separations or divorces are a traumatic event involving emotional and legal aspects, leading to conflict situations and the possibility of loss of dialogue.<\/p>\n\n\t\t<\/div>\n\t<\/div>\n<\/div><\/div><\/div><div class=\"wpb_column vc_column_container vc_col-sm-4\"><div class=\"vc_column-inner vc_custom_1438783497148\"><div class=\"wpb_wrapper\">\n\t\t\t<div class=\"promo-banner text-center vertical-alignment-bottom banner-1 hover-3 color-scheme-dark\"  >\n\n\t\t\t\t<div class=\"main-wrapp-img\">\n\t\t\t\t\t<div class=\"banner-image\">\n\t\t\t\t\t\t\t\t\t\t\t\t\t\t\t\t\t\t\t\t\t<img class=\"promo-banner-image image-1\" src=\"https:\/\/mediemos.ch\/wp-content\/uploads\/2020\/09\/9-3-250x250.png\" width=\"250\" height=\"250\" alt=\"9\" title=\"9\" \/>\t\t\t\t\t\t\t\t\t\t\t\t\t\t\t\t\t\t<\/div>\n\t\t\t\t<\/div>\n\n\t\t\t\t<div class=\"wrapper-content-baner\">\n\t\t\t\t\t<div class=\"banner-inner\">\n\t\t\t\t\t\t<p><strong><a href=\"http:\/\/mediemos.ch\/en\/intergenerational-mediation\/\">Read more<\/a><\/strong><\/p>\n\t\t\t\t\t<\/div>\n\t\t\t\t<\/div>\n\n\t\t\t<\/div>\n\n\n\t\t\n\t<div class=\"wpb_text_column wpb_content_element\" >\n\t\t<div class=\"wpb_wrapper\">\n\t\t\t<h6 style=\"text-align: center; font-size: 24px;\"><a href=\"http:\/\/mediemos.ch\/en\/intergenerational-mediation\/\"><strong><em>Intergenerational Mediation<\/em><\/strong><\/a><\/h6>\n<p style=\"text-align: center;\">Also called \"intergenerational\" or \"transgenerational\", it refers to a useful tool for the resolution of conflicts between family members of different generations...<\/p>\n\n\t\t<\/div>\n\t<\/div>\n<\/div><\/div><\/div><\/div><\/div><\/div><\/div><\/div><div class=\"vc_row wpb_row vc_row-fluid color-scheme-dark modulostiposmediacion vc_custom_1601744681310\"><div class=\"wpb_column vc_column_container vc_col-sm-12\"><div class=\"vc_column-inner\"><div class=\"wpb_wrapper\"><div class=\"vc_row wpb_row vc_inner vc_row-fluid vc_custom_1600186656448\"><div class=\"wpb_column vc_column_container vc_col-sm-4\"><div class=\"vc_column-inner vc_custom_1438783501508\"><div class=\"wpb_wrapper\">\n\t\t\t<div class=\"promo-banner text-center vertical-alignment-bottom banner-1 hover-3 color-scheme-dark\"  >\n\n\t\t\t\t<div class=\"main-wrapp-img\">\n\t\t\t\t\t<div class=\"banner-image\">\n\t\t\t\t\t\t\t\t\t\t\t\t\t\t\t\t\t\t\t\t\t<img class=\"promo-banner-image image-1\" src=\"https:\/\/mediemos.ch\/wp-content\/uploads\/2020\/09\/8-2-250x250.png\" width=\"250\" height=\"250\" alt=\"8\" title=\"8\" \/>\t\t\t\t\t\t\t\t\t\t\t\t\t\t\t\t\t\t<\/div>\n\t\t\t\t<\/div>\n\n\t\t\t\t<div class=\"wrapper-content-baner\">\n\t\t\t\t\t<div class=\"banner-inner\">\n\t\t\t\t\t\t<p><strong><a href=\"http:\/\/mediemos.ch\/en\/mediation-in-cases-of-inheritance\/\">Read more<\/a><\/strong><\/p>\n\t\t\t\t\t<\/div>\n\t\t\t\t<\/div>\n\n\t\t\t<\/div>\n\n\n\t\t\n\t<div class=\"wpb_text_column wpb_content_element\" >\n\t\t<div class=\"wpb_wrapper\">\n\t\t\t<h6 style=\"text-align: center; font-size: 24px;\"><a href=\"http:\/\/mediemos.ch\/en\/mediation-in-cases-of-inheritance\/\"><strong><em>Mediation in cases of inheritance<\/em><\/strong><\/a><\/h6>\n<p style=\"text-align: center;\">Hereditary disputes are often extremely emotional, creating long and costly conflicts. The relationship between siblings or parents and children risks...<\/p>\n\n\t\t<\/div>\n\t<\/div>\n<\/div><\/div><\/div><div class=\"wpb_column vc_column_container vc_col-sm-4\"><div class=\"vc_column-inner\"><div class=\"wpb_wrapper\">\n\t\t\t<div class=\"promo-banner text-center vertical-alignment-bottom banner-1 hover-3 color-scheme-dark\"  >\n\n\t\t\t\t<div class=\"main-wrapp-img\">\n\t\t\t\t\t<div class=\"banner-image\">\n\t\t\t\t\t\t\t\t\t\t\t\t\t\t\t\t\t\t\t\t\t<img class=\"promo-banner-image image-1\" src=\"https:\/\/mediemos.ch\/wp-content\/uploads\/2020\/09\/10-2-250x250.png\" width=\"250\" height=\"250\" alt=\"10\" title=\"10\" \/>\t\t\t\t\t\t\t\t\t\t\t\t\t\t\t\t\t\t<\/div>\n\t\t\t\t<\/div>\n\n\t\t\t\t<div class=\"wrapper-content-baner\">\n\t\t\t\t\t<div class=\"banner-inner\">\n\t\t\t\t\t\t<p><strong><a href=\"http:\/\/mediemos.ch\/en\/neighbourhood-mediation\/\">Read more<\/a><\/strong><\/p>\n\t\t\t\t\t<\/div>\n\t\t\t\t<\/div>\n\n\t\t\t<\/div>\n\n\n\t\t\n\t<div class=\"wpb_text_column wpb_content_element\" >\n\t\t<div class=\"wpb_wrapper\">\n\t\t\t<h6 style=\"text-align: center; font-size: 24px;\"><a href=\"http:\/\/mediemos.ch\/en\/neighbourhood-mediation\/\"><strong><em>Neighbourhood Mediation<\/em><\/strong><\/a><\/h6>\n<p style=\"text-align: center;\">Infinidad de divergencias de opini\u00f3n entre vecinos pueden influir sobre la calidad de vida de los mismos.<\/p>\n\n\t\t<\/div>\n\t<\/div>\n<\/div><\/div><\/div><div class=\"wpb_column vc_column_container vc_col-sm-4\"><div class=\"vc_column-inner\"><div class=\"wpb_wrapper\">\n\t\t\t<div class=\"promo-banner text-center vertical-alignment-bottom banner-1 hover-3 color-scheme-dark\"  >\n\n\t\t\t\t<div class=\"main-wrapp-img\">\n\t\t\t\t\t<div class=\"banner-image\">\n\t\t\t\t\t\t\t\t\t\t\t\t\t\t\t\t\t\t\t\t\t<img class=\"promo-banner-image image-1\" src=\"https:\/\/mediemos.ch\/wp-content\/uploads\/2020\/09\/salidas-integracion-social-1-250x250.png\" width=\"250\" height=\"250\" alt=\"salidas-integracion-social\" title=\"salidas-integracion-social\" \/>\t\t\t\t\t\t\t\t\t\t\t\t\t\t\t\t\t\t<\/div>\n\t\t\t\t<\/div>\n\n\t\t\t\t<div class=\"wrapper-content-baner\">\n\t\t\t\t\t<div class=\"banner-inner\">\n\t\t\t\t\t\t<p><strong><a href=\"http:\/\/mediemos.ch\/en\/neighbourhood-mediation\/\">Read more<\/a><\/strong><\/p>\n\t\t\t\t\t<\/div>\n\t\t\t\t<\/div>\n\n\t\t\t<\/div>\n\n\n\t\t\n\t<div class=\"wpb_text_column wpb_content_element\" >\n\t\t<div class=\"wpb_wrapper\">\n\t\t\t<h6 style=\"text-align: center; font-size: 24px;\"><a href=\"http:\/\/mediemos.ch\/en\/neighbourhood-mediation\/\"><strong><em>Mediaci\u00f3n<\/em><br \/>\n<em>Intercultural<\/em><\/strong><\/a><\/h6>\n<p style=\"text-align: center;\">La mediaci\u00f3n intercultural es un instrumento que pretende contribuir a una mejor comunicaci\u00f3n, relaci\u00f3n e integraci\u00f3n entre personas o grupos presentes en un territorio...<\/p>\n\n\t\t<\/div>\n\t<\/div>\n<\/div><\/div><\/div><\/div><\/div><\/div><\/div><\/div><style data-type=\"vc_shortcodes-custom-css\">.vc_custom_1600703776247{margin-bottom: 0px !important;padding-top: 50px !important;padding-bottom: 70px !important;background-image: url(http:\/\/dummy.xtemos.com\/basel\/vers\/wp-content\/uploads\/sites\/3\/2017\/01\/main-bg.jpg?id=40) !important;background-position: center !important;background-repeat: no-repeat !important;background-size: cover !important;}.vc_custom_1601744676803{margin-bottom: 25px !important;}.vc_custom_1601744681310{margin-bottom: 25px !important;}.vc_custom_1604965230689{margin-bottom: 30px !important;}.vc_custom_1600186656448{margin-bottom: -40px !important;}.vc_custom_1438783488485{margin-bottom: 40px !important;}.vc_custom_1438783492253{margin-bottom: 40px !important;}.vc_custom_1438783497148{margin-bottom: 40px !important;}.vc_custom_1600186656448{margin-bottom: -40px !important;}.vc_custom_1438783501508{margin-bottom: 40px !important;}<\/style>\n\n\t\t<\/div>\n\t<\/div>\n<\/div><\/div><\/div><\/div><div class=\"vc_row-full-width vc_clearfix\"><\/div>","protected":false},"excerpt":{"rendered":"Intergenerational Mediation In mediation everyone wins. Also called \"intergenerational\" or \"transgenerational\", it refers to a useful tool for the resolution","protected":false},"author":1,"featured_media":0,"parent":0,"menu_order":0,"comment_status":"closed","ping_status":"closed","template":"","meta":[],"yoast_head":"<!-- This site is optimized with the Yoast SEO plugin v17.2.1 - https:\/\/yoast.com\/wordpress\/plugins\/seo\/ -->\n<title>Intergenerational Mediation - Mediemos<\/title>\n<meta name=\"robots\" content=\"index, follow, max-snippet:-1, max-image-preview:large, max-video-preview:-1\" \/>\n<link rel=\"canonical\" href=\"https:\/\/mediemos.ch\/en\/intergenerational-mediation\/\" \/>\n<meta property=\"og:locale\" content=\"en_US\" \/>\n<meta property=\"og:type\" content=\"article\" \/>\n<meta property=\"og:title\" content=\"Intergenerational Mediation - Mediemos\" \/>\n<meta property=\"og:url\" content=\"https:\/\/mediemos.ch\/en\/intergenerational-mediation\/\" \/>\n<meta property=\"og:site_name\" content=\"Mediemos\" \/>\n<meta property=\"article:modified_time\" content=\"2020-11-14T12:07:08+00:00\" \/>\n<meta name=\"twitter:card\" content=\"summary_large_image\" \/>\n<meta name=\"twitter:label1\" content=\"Est. reading time\" \/>\n\t<meta name=\"twitter:data1\" content=\"2 minutes\" \/>\n<script type=\"application\/ld+json\" class=\"yoast-schema-graph\">{\"@context\":\"https:\/\/schema.org\",\"@graph\":[{\"@type\":\"WebSite\",\"@id\":\"https:\/\/mediemos.ch\/en\/#website\",\"url\":\"https:\/\/mediemos.ch\/en\/\",\"name\":\"Mediemos\",\"description\":\"Servicio de Mediaci\\u00f3n\",\"potentialAction\":[{\"@type\":\"SearchAction\",\"target\":{\"@type\":\"EntryPoint\",\"urlTemplate\":\"https:\/\/mediemos.ch\/en\/?s={search_term_string}\"},\"query-input\":\"required name=search_term_string\"}],\"inLanguage\":\"en-US\"},{\"@type\":\"WebPage\",\"@id\":\"https:\/\/mediemos.ch\/en\/intergenerational-mediation\/#webpage\",\"url\":\"https:\/\/mediemos.ch\/en\/intergenerational-mediation\/\",\"name\":\"Intergenerational Mediation - Mediemos\",\"isPartOf\":{\"@id\":\"https:\/\/mediemos.ch\/en\/#website\"},\"datePublished\":\"2020-11-06T14:05:05+00:00\",\"dateModified\":\"2020-11-14T12:07:08+00:00\",\"breadcrumb\":{\"@id\":\"https:\/\/mediemos.ch\/en\/intergenerational-mediation\/#breadcrumb\"},\"inLanguage\":\"en-US\",\"potentialAction\":[{\"@type\":\"ReadAction\",\"target\":[\"https:\/\/mediemos.ch\/en\/intergenerational-mediation\/\"]}]},{\"@type\":\"BreadcrumbList\",\"@id\":\"https:\/\/mediemos.ch\/en\/intergenerational-mediation\/#breadcrumb\",\"itemListElement\":[{\"@type\":\"ListItem\",\"position\":1,\"name\":\"Inicio\",\"item\":\"https:\/\/mediemos.ch\/en\/home\/\"},{\"@type\":\"ListItem\",\"position\":2,\"name\":\"Intergenerational Mediation\"}]}]}<\/script>\n<!-- \/ Yoast SEO plugin. -->","yoast_head_json":{"title":"Intergenerational Mediation - Mediemos","robots":{"index":"index","follow":"follow","max-snippet":"max-snippet:-1","max-image-preview":"max-image-preview:large","max-video-preview":"max-video-preview:-1"},"canonical":"https:\/\/mediemos.ch\/en\/intergenerational-mediation\/","og_locale":"en_US","og_type":"article","og_title":"Intergenerational Mediation - Mediemos","og_url":"https:\/\/mediemos.ch\/en\/intergenerational-mediation\/","og_site_name":"Mediemos","article_modified_time":"2020-11-14T12:07:08+00:00","twitter_card":"summary_large_image","twitter_misc":{"Est. reading time":"2 minutes"},"schema":{"@context":"https:\/\/schema.org","@graph":[{"@type":"WebSite","@id":"https:\/\/mediemos.ch\/en\/#website","url":"https:\/\/mediemos.ch\/en\/","name":"Mediemos","description":"Servicio de Mediaci\u00f3n","potentialAction":[{"@type":"SearchAction","target":{"@type":"EntryPoint","urlTemplate":"https:\/\/mediemos.ch\/en\/?s={search_term_string}"},"query-input":"required name=search_term_string"}],"inLanguage":"en-US"},{"@type":"WebPage","@id":"https:\/\/mediemos.ch\/en\/intergenerational-mediation\/#webpage","url":"https:\/\/mediemos.ch\/en\/intergenerational-mediation\/","name":"Intergenerational Mediation - Mediemos","isPartOf":{"@id":"https:\/\/mediemos.ch\/en\/#website"},"datePublished":"2020-11-06T14:05:05+00:00","dateModified":"2020-11-14T12:07:08+00:00","breadcrumb":{"@id":"https:\/\/mediemos.ch\/en\/intergenerational-mediation\/#breadcrumb"},"inLanguage":"en-US","potentialAction":[{"@type":"ReadAction","target":["https:\/\/mediemos.ch\/en\/intergenerational-mediation\/"]}]},{"@type":"BreadcrumbList","@id":"https:\/\/mediemos.ch\/en\/intergenerational-mediation\/#breadcrumb","itemListElement":[{"@type":"ListItem","position":1,"name":"Inicio","item":"https:\/\/mediemos.ch\/en\/home\/"},{"@type":"ListItem","position":2,"name":"Intergenerational Mediation"}]}]}},"_links":{"self":[{"href":"https:\/\/mediemos.ch\/en\/wp-json\/wp\/v2\/pages\/2285"}],"collection":[{"href":"https:\/\/mediemos.ch\/en\/wp-json\/wp\/v2\/pages"}],"about":[{"href":"https:\/\/mediemos.ch\/en\/wp-json\/wp\/v2\/types\/page"}],"author":[{"embeddable":true,"href":"https:\/\/mediemos.ch\/en\/wp-json\/wp\/v2\/users\/1"}],"replies":[{"embeddable":true,"href":"https:\/\/mediemos.ch\/en\/wp-json\/wp\/v2\/comments?post=2285"}],"version-history":[{"count":4,"href":"https:\/\/mediemos.ch\/en\/wp-json\/wp\/v2\/pages\/2285\/revisions"}],"predecessor-version":[{"id":2513,"href":"https:\/\/mediemos.ch\/en\/wp-json\/wp\/v2\/pages\/2285\/revisions\/2513"}],"wp:attachment":[{"href":"https:\/\/mediemos.ch\/en\/wp-json\/wp\/v2\/media?parent=2285"}],"curies":[{"name":"wp","href":"https:\/\/api.w.org\/{rel}","templated":true}]}}